{"id":71,"date":"2015-10-19T06:34:24","date_gmt":"2015-10-19T04:34:24","guid":{"rendered":"http:\/\/tudatkulcs.hu\/vagyvonzo\/?page_id=71"},"modified":"2017-05-14T09:57:21","modified_gmt":"2017-05-14T07:57:21","slug":"vagybol-valosag","status":"publish","type":"page","link":"http:\/\/tudatkulcs.hu\/vagyvonzo\/","title":{"rendered":"V\u00c1GYB\u00d3L VAL\u00d3S\u00c1G!"},"content":{"rendered":"<h3 style=\"text-align: justify;\"><strong>Szeretettel k\u00f6sz\u00f6ntelek a <span style=\"color: #003366;\">Tudatkulcs V\u00e1gyVonz\u00f3<\/span> oldal\u00e1n! Sz\u00edvb\u0151l \u00f6r\u00fcl\u00f6k, hogy \u00fagy d\u00f6nt\u00f6tt\u00e9l, m\u00e1t\u00f3l kezdve tudatosan foglalkozol v\u00e1gyaid megval\u00f3s\u00edt\u00e1s\u00e1val \u00e9s c\u00e9ljaid el\u00e9r\u00e9s\u00e9vel! \u00a0<\/strong><\/h3>\n<p>&nbsp;<\/p>\n<p style=\"text-align: justify;\"><strong>Az oldal alap\u00f6tlet\u00e9t az adta, hogy olvastam r\u00e9gebben egy agykontrollos\u00a0f\u00f3rumon a k\u00f6vetkez\u0151 m\u00f3dszert:\u00a0vegy\u00fcnk egy f\u00fczetet, melynek az elej\u00e9re vezess\u00fck\u00a0r\u00e1, hogy mindaz, amit bele\u00edrtunk, val\u00f3ra v\u00e1lik! Nagyon izgatott\u00e1 tett a gondolat \u00e9s azonnal ki is pr\u00f3b\u00e1ltam, azut\u00e1n pedig szorgalmasan vezettem a v\u00e1gyvonz\u00f3 napl\u00f3mat. <\/strong><\/p>\n<p style=\"text-align: justify;\"><strong>Tov\u00e1bbfejlesztve az alap technik\u00e1t, m\u00e9g e-mail c\u00edmem is volt ezzel a n\u00e9vvel, ahov\u00e1 lelkesen k\u00fcldtem\u00a0a v\u00e1gyvonz\u00f3 e-maileket \ud83d\ude42\u00a0<\/strong><\/p>\n<p style=\"text-align: justify;\"><strong>Ezut\u00e1n tal\u00e1ltam egy k\u00f6nyvben egy m\u00e1sik elj\u00e1r\u00e1st is, melynek l\u00e9nyege, hogy egy bef\u0151ttes \u00fcvegbe dobjuk be a v\u00e1gyainkat tartalmaz\u00f3 kis cetliket. Ezzel is t\u00e1mogattam a v\u00e1gyaim megval\u00f3sul\u00e1s\u00e1t. Mindh\u00e1rom m\u00f3dszer m\u0171k\u00f6d\u00f6tt!<\/strong><\/p>\n<p style=\"text-align: justify;\"><strong>E m\u00f3dszereket\u00a0\u00f6tv\u00f6ztem, \u00edgy sz\u00fcletett meg a V\u00e1gy Vonz\u00f3 Weboldal <a href=\"http:\/\/tudatkulcs.hu\/vagyvonzo\/vagyaim\" target=\"_blank\">alapja \u00e9s f\u0151oldala<\/a>. Ide <em>hozz\u00e1sz\u00f3l\u00e1sk\u00e9nt<\/em> tudod r\u00f6gz\u00edteni a legnagyobb v\u00e1gyadat, s\u0151t, ha egy h\u00f3napon \u00e1t legal\u00e1bb 10 akt\u00edv bejegyz\u00e9sed van, saj\u00e1t bejegyz\u00e9s oldalad is lehet, amit <a href=\"http:\/\/tudatkulcs.hu\/kapcsolat\" target=\"_blank\">ide kattintva<\/a> tudsz ig\u00e9nyelni!<\/strong><\/p>\n<p>&nbsp;<\/p>\n<h3 style=\"text-align: center;\"><span style=\"color: #003366;\"><strong>&gt;&gt; Ne feledd, els\u0151 l\u00e9p\u00e9sk\u00e9nt <a href=\"http:\/\/tudatkulcs.hu\/vagyvonzo\/vagyaim\" target=\"_blank\">kattints ide<\/a> \u00e9s\u00a0az oldal alj\u00e1n oszd meg vel\u00fcnk a legnagyobb v\u00e1gyad! <em> Ne feledd a jelmondatunkat: Le\u00edrod \u00e9s val\u00f3ra v\u00e1lik!<\/em>\u00a0<span style=\"color: #000000;\">\ud83d\ude09<\/span><\/strong><\/span><\/h3>\n<p>&nbsp;<\/p>\n<h3 style=\"text-align: center;\">&gt;&gt;\u00a0<a href=\"http:\/\/tudatkulcs.hu\/kristaly\" target=\"_blank\">A hat\u00e1s tov\u00e1bb fokozhat\u00f3!!! Kattints ide \u00e9s n\u00e9zd meg, hogyan!<\/a><\/h3>\n<p>&nbsp;<\/p>\n<p><a href=\"http:\/\/tudatkulcs.hu\/vagyvonzo\/vagyaim\"><img decoding=\"async\" loading=\"lazy\" class=\"aligncenter size-full wp-image-155\" src=\"http:\/\/tudatkulcs.hu\/vagyvonzo\/wp-content\/uploads\/2015\/10\/narrative-794978_640.jpg\" alt=\"narrative-794978_640\" width=\"480\" height=\"300\" \/><\/a><br \/>\n&nbsp;<\/p>\n<p style=\"text-align: justify;\"><strong>K\u00e9s\u0151bb Bryan Tracy egyik k\u00f6nyv\u00e9ben olvastam arr\u00f3l, hogy mennyire fontos rendszeresen\u00a0vezetn\u00fcnk egy f\u00fczetben a c\u00e9ljainkat, mert bizony\u00edtottan, hihetetlen m\u00f3don megsokszorozza ez a szok\u00e1s az el\u00e9rt eredm\u00e9nyeinket. Visszaolvas\u00e1s n\u00e9lk\u00fcl minden nap \u00e9rdemes r\u00f6gz\u00edteni az esz\u00fcnkbe jut\u00f3 c\u00e9lokat.\u00a0<\/strong><\/p>\n<p>&nbsp;<\/p>\n<h3 style=\"text-align: center;\"><strong>&gt;&gt; Ez\u00e9rt hoztam l\u00e9tre a <span style=\"color: #003366;\"><em>Napi c\u00e9lf\u00fczet<\/em><\/span> men\u00fcpontot, ahov\u00e1 minden nap visszav\u00e1rlak!<\/strong><\/h3>\n<p>&nbsp;<\/p>\n<h3 style=\"text-align: center;\"><strong>&gt;&gt; Szint\u00e9n nagyon fontos a c\u00e9ljaink el\u00e9r\u00e9s\u00e9hez a <span style=\"color: #003366;\"><em>motiv\u00e1ci\u00f3<\/em><\/span>, <\/strong><\/h3>\n<p>&nbsp;<\/p>\n<p style=\"text-align: justify;\"><strong>ez\u00e9rt nemcsak V\u00e1gyVonz\u00f3 tippeket \u00e9s Tudatkulcs motiv\u00e1ci\u00f3t olvashatsz a blogban, hanem kifejezetten arra biztatlak, hogy \u00f6szt\u00f6n\u00f6zd\u00a0magad \u00e9s a t\u00f6bbi V\u00e1gyvonz\u00f3 \u00datit\u00e1rsadat is azzal, hogy le\u00edrod a saj\u00e1t motiv\u00e1ci\u00f3s m\u00f3dszereidet hozz\u00e1sz\u00f3l\u00e1sban!<\/strong><\/p>\n<p>&nbsp;<\/p>\n<h3 style=\"text-align: center;\"><strong>&gt;&gt;\u00a0A <em><span style=\"color: #003366;\">V\u00e1gyVonz\u00f3 Tippek<\/span><\/em> a mi k\u00f6z\u00f6s\u00a0blogunk,\u00a0<\/strong><\/h3>\n<p>&nbsp;<\/p>\n<p style=\"text-align: justify;\"><strong>melyben tov\u00e1bbi hasznos tan\u00e1csokat olvashatsz arr\u00f3l, hogyan tudod l\u00e9p\u00e9sr\u0151l-l\u00e9p\u00e9sre megval\u00f3s\u00edtani az \u00e1lmaid \u00e9s el\u00e9rni a c\u00e9ljaid.<\/strong><\/p>\n<p>&nbsp;<\/p>\n<h3 style=\"text-align: center;\"><strong>&gt;&gt;A <span style=\"color: #003366;\"><em>Sikereim<\/em><\/span> men\u00fcpont alatt minden nap r\u00f6<\/strong><strong>gz\u00edtheted azokat a pozit\u00edv \u00e9lm\u00e9nyeket, amelyek aznap \u00e9rtek \u00e9s \u00f6szt\u00f6n\u00f6ztek, motiv\u00e1ltak T\u00e9ged.<\/strong><\/h3>\n<p>&nbsp;<\/p>\n<p style=\"text-align: justify;\"><strong>Ha r\u00e1szoktatod magad, hogy a c\u00e9ljaid mellett a sikereidet is rendszeresen r\u00f6gz\u00edted, \u00e9letszeml\u00e9leted egyre pozit\u00edvabb\u00e1 v\u00e1lik \u00e9s vonzod az \u00fajabb sikeres helyzeteket!<\/strong><\/p>\n<p style=\"text-align: justify;\"><strong>A k\u00f6z\u00f6ss\u00e9g ereje felbecs\u00fclhetetlen, ez\u00e9rt azon t\u00fal, hogy itt az oldalon k\u00f6z\u00f6sen f\u00f3kusz\u00e1lunk a v\u00e1gyak megval\u00f3s\u00edt\u00e1s\u00e1ra \u00e9s a c\u00e9lok el\u00e9r\u00e9s\u00e9re, minden h\u00f3napban k\u00f6z\u00f6s v\u00e1gyvonz\u00f3 medit\u00e1ci\u00f3s id\u0151pontot egyeztet\u00fcnk \u00e9s ezzel t\u00e1mogatjuk egym\u00e1st!<\/strong><\/p>\n<p>&nbsp;<\/p>\n<h3 style=\"text-align: center;\"><strong>&gt;&gt; \u00c9rdemes mindig nyomon k\u00f6vetni a <span style=\"color: #003366;\"><em>K\u00f6z\u00f6ss\u00e9g<\/em><\/span> men\u00fcpontban az aktu\u00e1lis id\u0151pontokat \u00e9s r\u00f6gz\u00edteni a havi medit\u00e1ci\u00f3s alkalomra vonatkoz\u00f3 k\u00e9r\u00e9seket.<\/strong><\/h3>\n<p>&nbsp;<\/p>\n<h2 style=\"text-align: center;\"><span style=\"color: #800000;\"><strong>Mi a legnagyobb \u00e1lmod? <\/strong><\/span><\/h2>\n<h2 style=\"text-align: center;\"><span style=\"color: #800000;\"><strong>Mi az, amire a lelked m\u00e9ly\u00e9n igaz\u00e1n v\u00e1gysz?<\/strong><\/span><\/h2>\n<p>&nbsp;<\/p>\n<p style=\"text-align: center;\"><a style=\"color: #800000;\" target=\"_blank\">Fogalmazd meg, adj keretet most ennek a v\u00e1gynak \u00e9s ind\u00edtsd el a megval\u00f3sul\u00e1s \u00fatj\u00e1n! De ezut\u00e1n se \u00e1llj meg: rendszeresen gondozd, \u00e1pold a figyelmed erej\u00e9vel! Ehhez javaslom, haszn\u00e1ld min\u00e9l gyakrabban az online C\u00e9lkit\u0171z\u0151t, emellett \u00f6szt\u00f6n\u00f6zd magad \u00e9s a t\u00f6bbieket a Sikernapl\u00f3 seg\u00edts\u00e9g\u00e9vel!<\/a><\/p>\n<p>&nbsp;<\/p>\n<p style=\"text-align: center;\"><span style=\"color: #800000;\"><a href=\"http:\/\/tudatkulcs.hu\/kristaly\" target=\"_blank\">Egyre feljebb!!! Kattints ide \u00e9s n\u00e9zd meg, hogyan!<\/a><\/span><\/p>\n<p>&nbsp;<br \/>\n<a href=\"http:\/\/tudatkulcs.hu\/vagybolvalosag\" target=\"_blank\"><img decoding=\"async\" loading=\"lazy\" class=\"aligncenter wp-image-142\" src=\"http:\/\/tudatkulcs.hu\/vagyvonzo\/wp-content\/uploads\/2015\/10\/vagybolvalosagtudatkulcs-300x298.png\" alt=\"vagybolvalosagtudatkulcs\" width=\"180\" height=\"180\" srcset=\"http:\/\/tudatkulcs.hu\/vagyvonzo\/wp-content\/uploads\/2015\/10\/vagybolvalosagtudatkulcs-300x298.png 300w, http:\/\/tudatkulcs.hu\/vagyvonzo\/wp-content\/uploads\/2015\/10\/vagybolvalosagtudatkulcs-150x150.png 150w, http:\/\/tudatkulcs.hu\/vagyvonzo\/wp-content\/uploads\/2015\/10\/vagybolvalosagtudatkulcs.png 640w\" sizes=\"(max-width: 180px) 100vw, 180px\" \/><\/a><br \/>\n&nbsp;<\/p>\n<h3 style=\"text-align: center;\"><a href=\"http:\/\/tudatkulcs.hu\/vagyvonzo\/vagyaim\"><span style=\"color: #003366;\"><strong><em>Itt az id\u0151, hogy megtedd<br \/>\naz els\u0151\u00a0l\u00e9p\u00e9st!<br \/>\n&gt;&gt;KATTINTS IDE!<\/em>&lt;&lt;<\/strong><\/span><\/a><\/h3>\n<p>&nbsp;<\/p>\n<h3 style=\"text-align: center;\"><span style=\"color: #003366;\"><strong>S\u0151t!<\/strong><\/span><span style=\"color: #003366;\"><strong><a href=\"http:\/\/tudatkulcs.hu\/kristaly\" target=\"_blank\"><em><br \/>\nM\u00e9g feljebb l\u00e9p\u00fcnk ITT!<br \/>\n&gt;&gt;KATTINTS IDE!<\/em>&lt;&lt;<\/a><\/strong><\/span><\/h3>\n<p>&nbsp;<\/p>\n","protected":false},"excerpt":{"rendered":"<p>Szeretettel k\u00f6sz\u00f6ntelek a Tudatkulcs V\u00e1gyVonz\u00f3 oldal\u00e1n! Sz\u00edvb\u0151l \u00f6r\u00fcl\u00f6k, hogy \u00fagy d\u00f6nt\u00f6tt\u00e9l, m\u00e1t\u00f3l kezdve tudatosan foglalkozol v\u00e1gyaid megval\u00f3s\u00edt\u00e1s\u00e1val \u00e9s c\u00e9ljaid el\u00e9r\u00e9s\u00e9vel! \u00a0 &nbsp; Az oldal alap\u00f6tlet\u00e9t az adta, hogy olvastam r\u00e9gebben egy agykontrollos\u00a0f\u00f3rumon a k\u00f6vetkez\u0151 m\u00f3dszert:\u00a0vegy\u00fcnk egy f\u00fczetet, melynek az elej\u00e9re vezess\u00fck\u00a0r\u00e1, hogy mindaz, amit bele\u00edrtunk, val\u00f3ra v\u00e1lik! Nagyon izgatott\u00e1 tett a gondolat \u00e9s azonnal ki [&hellip;]<\/p>\n","protected":false},"author":1,"featured_media":0,"parent":0,"menu_order":0,"comment_status":"closed","ping_status":"closed","template":"","meta":[],"_links":{"self":[{"href":"http:\/\/tudatkulcs.hu\/vagyvonzo\/wp-json\/wp\/v2\/pages\/71"}],"collection":[{"href":"http:\/\/tudatkulcs.hu\/vagyvonzo\/wp-json\/wp\/v2\/pages"}],"about":[{"href":"http:\/\/tudatkulcs.hu\/vagyvonzo\/wp-json\/wp\/v2\/types\/page"}],"author":[{"embeddable":true,"href":"http:\/\/tudatkulcs.hu\/vagyvonzo\/wp-json\/wp\/v2\/users\/1"}],"replies":[{"embeddable":true,"href":"http:\/\/tudatkulcs.hu\/vagyvonzo\/wp-json\/wp\/v2\/comments?post=71"}],"version-history":[{"count":47,"href":"http:\/\/tudatkulcs.hu\/vagyvonzo\/wp-json\/wp\/v2\/pages\/71\/revisions"}],"predecessor-version":[{"id":225,"href":"http:\/\/tudatkulcs.hu\/vagyvonzo\/wp-json\/wp\/v2\/pages\/71\/revisions\/225"}],"wp:attachment":[{"href":"http:\/\/tudatkulcs.hu\/vagyvonzo\/wp-json\/wp\/v2\/media?parent=71"}],"curies":[{"name":"wp","href":"https:\/\/api.w.org\/{rel}","templated":true}]}}